{"id":9163,"date":"2025-01-20T22:28:07","date_gmt":"2025-01-20T21:28:07","guid":{"rendered":"https:\/\/acha-ardres.fr\/?page_id=9163"},"modified":"2025-03-27T19:27:35","modified_gmt":"2025-03-27T18:27:35","slug":"francois-1er-medecine-documents","status":"publish","type":"page","link":"https:\/\/acha-ardres.fr\/?page_id=9163","title":{"rendered":"Fran\u00e7ois de Valois-Angoul\u00eame &#8211; le futur roi Fran\u00e7ois 1\u00b0 &#8211; et son temps. 9b"},"content":{"rendered":"\t\t<div data-elementor-type=\"wp-page\" data-elementor-id=\"9163\" class=\"elementor elementor-9163\">\n\t\t\t\t<div class=\"elementor-element elementor-element-a509593 e-flex e-con-boxed e-con e-parent\" data-id=\"a509593\" data-element_type=\"container\" data-e-type=\"container\">\n\t\t\t\t\t<div class=\"e-con-inner\">\n\t\t\t\t<div class=\"elementor-element elementor-element-0aac7e4 elementor-widget elementor-widget-menu-anchor\" data-id=\"0aac7e4\" data-element_type=\"widget\" data-e-type=\"widget\" data-widget_type=\"menu-anchor.default\">\n\t\t\t\t<div class=\"elementor-widget-container\">\n\t\t\t\t\t\t\t<div class=\"elementor-menu-anchor\" id=\"incunable\"><\/div>\n\t\t\t\t\t\t<\/div>\n\t\t\t\t<\/div>\n\t\t\t\t\t<\/div>\n\t\t\t\t<\/div>\n\t\t<div class=\"elementor-element elementor-element-cee7a90 e-flex e-con-boxed e-con e-parent\" data-id=\"cee7a90\" data-element_type=\"container\" data-e-type=\"container\">\n\t\t\t\t\t<div class=\"e-con-inner\">\n\t\t\t\t<div class=\"elementor-element elementor-element-6a75c55 elementor-widget elementor-widget-image\" data-id=\"6a75c55\" data-element_type=\"widget\" data-e-type=\"widget\" data-widget_type=\"image.default\">\n\t\t\t\t<div class=\"elementor-widget-container\">\n\t\t\t\t\t\t\t\t\t\t\t\t<figure class=\"wp-caption\">\n\t\t\t\t\t\t\t\t\t\t<img fetchpriority=\"high\" decoding=\"async\" width=\"500\" height=\"717\" src=\"https:\/\/acha-ardres.fr\/wp-content\/uploads\/2025\/01\/Medecine-02a.jpg\" class=\"attachment-large size-large wp-image-8992\" alt=\"\" srcset=\"https:\/\/acha-ardres.fr\/wp-content\/uploads\/2025\/01\/Medecine-02a.jpg 500w, https:\/\/acha-ardres.fr\/wp-content\/uploads\/2025\/01\/Medecine-02a-209x300.jpg 209w, https:\/\/acha-ardres.fr\/wp-content\/uploads\/2025\/01\/Medecine-02a-105x150.jpg 105w\" sizes=\"(max-width: 500px) 100vw, 500px\" \/>\t\t\t\t\t\t\t\t\t\t\t<figcaption class=\"widget-image-caption wp-caption-text\">Cet incunable \u00e9crit en latin est l\u2019un des plus vieux livres imprim\u00e9s de m\u00e9decine conserv\u00e9s \u00e0 la M\u00e9diath\u00e8que de Troyes.  Incunable 471, XV\u00b0 si\u00e8cle. Photo M\u00e9diath\u00e8que de Troyes Champagne M\u00e9tropole.<\/figcaption>\n\t\t\t\t\t\t\t\t\t\t<\/figure>\n\t\t\t\t\t\t\t\t\t<\/div>\n\t\t\t\t<\/div>\n\t\t\t\t\t<\/div>\n\t\t\t\t<\/div>\n\t\t<div class=\"elementor-element elementor-element-3b597e9 e-flex e-con-boxed e-con e-parent\" data-id=\"3b597e9\" data-element_type=\"container\" data-e-type=\"container\">\n\t\t\t\t\t<div class=\"e-con-inner\">\n\t\t\t\t<div class=\"elementor-element elementor-element-7a6c154 elementor-widget elementor-widget-menu-anchor\" data-id=\"7a6c154\" data-element_type=\"widget\" data-e-type=\"widget\" data-widget_type=\"menu-anchor.default\">\n\t\t\t\t<div class=\"elementor-widget-container\">\n\t\t\t\t\t\t\t<div class=\"elementor-menu-anchor\" id=\"humeurs\"><\/div>\n\t\t\t\t\t\t<\/div>\n\t\t\t\t<\/div>\n\t\t\t\t\t<\/div>\n\t\t\t\t<\/div>\n\t\t<div class=\"elementor-element elementor-element-a326f54 e-flex e-con-boxed e-con e-parent\" data-id=\"a326f54\" data-element_type=\"container\" data-e-type=\"container\">\n\t\t\t\t\t<div class=\"e-con-inner\">\n\t\t\t\t<div class=\"elementor-element elementor-element-1fe5348 elementor-widget elementor-widget-image\" data-id=\"1fe5348\" data-element_type=\"widget\" data-e-type=\"widget\" data-widget_type=\"image.default\">\n\t\t\t\t<div class=\"elementor-widget-container\">\n\t\t\t\t\t\t\t\t\t\t\t\t<figure class=\"wp-caption\">\n\t\t\t\t\t\t\t\t\t\t<img decoding=\"async\" width=\"500\" height=\"765\" src=\"https:\/\/acha-ardres.fr\/wp-content\/uploads\/2025\/01\/Medecine-03-4-humeurs-a.jpg\" class=\"attachment-full size-full wp-image-8993\" alt=\"\" srcset=\"https:\/\/acha-ardres.fr\/wp-content\/uploads\/2025\/01\/Medecine-03-4-humeurs-a.jpg 500w, https:\/\/acha-ardres.fr\/wp-content\/uploads\/2025\/01\/Medecine-03-4-humeurs-a-196x300.jpg 196w, https:\/\/acha-ardres.fr\/wp-content\/uploads\/2025\/01\/Medecine-03-4-humeurs-a-98x150.jpg 98w\" sizes=\"(max-width: 500px) 100vw, 500px\" \/>\t\t\t\t\t\t\t\t\t\t\t<figcaption class=\"widget-image-caption wp-caption-text\">\u00c0 la Renaissance, la th\u00e9orie ancienne des \u00ab\u00a0quatre humeurs \u00bb, subsiste. <\/figcaption>\n\t\t\t\t\t\t\t\t\t\t<\/figure>\n\t\t\t\t\t\t\t\t\t<\/div>\n\t\t\t\t<\/div>\n\t\t\t\t\t<\/div>\n\t\t\t\t<\/div>\n\t\t<div class=\"elementor-element elementor-element-165c94d e-flex e-con-boxed e-con e-parent\" data-id=\"165c94d\" data-element_type=\"container\" data-e-type=\"container\">\n\t\t\t\t\t<div class=\"e-con-inner\">\n\t\t\t\t<div class=\"elementor-element elementor-element-1aa2c2f elementor-widget elementor-widget-text-editor\" data-id=\"1aa2c2f\" data-element_type=\"widget\" data-e-type=\"widget\" data-widget_type=\"text-editor.default\">\n\t\t\t\t<div class=\"elementor-widget-container\">\n\t\t\t\t\t\t\t\t\t<p><em><strong>Les Quatre Temp\u00e9raments, Livre des barbiers-chirurgiens de la ville d&rsquo;York, fin du XV<sup>e<\/sup> si\u00e8cle. Enluminure. British Library, Londres.<\/strong><\/em><br \/><em><strong>Cr\u00e9dits : British Library\/ AKG-images.<\/strong><\/em><\/p><p><em>Formalis\u00e9e par Hippocrate et Galien, la th\u00e9orie des humeurs d\u00e9crit la mani\u00e8re dont celles-ci contr\u00f4lent le comportement de l&rsquo;humanit\u00e9 et, selon leur combinaison, d\u00e9terminent le temp\u00e9rament de chaque individu : sanguin, col\u00e9rique, flegmatique, m\u00e9lancolique. Jusqu&rsquo;au XVIII<sup>e<\/sup> si\u00e8cle, ce syst\u00e8me allait dominer l&rsquo;orientation de la physiologie et de la psychologie.<\/em><\/p>\t\t\t\t\t\t\t\t<\/div>\n\t\t\t\t<\/div>\n\t\t\t\t\t<\/div>\n\t\t\t\t<\/div>\n\t\t<div class=\"elementor-element elementor-element-d1f9608 e-flex e-con-boxed e-con e-parent\" data-id=\"d1f9608\" data-element_type=\"container\" data-e-type=\"container\">\n\t\t\t\t\t<div class=\"e-con-inner\">\n\t\t\t\t<div class=\"elementor-element elementor-element-f097321 elementor-widget elementor-widget-menu-anchor\" data-id=\"f097321\" data-element_type=\"widget\" data-e-type=\"widget\" data-widget_type=\"menu-anchor.default\">\n\t\t\t\t<div class=\"elementor-widget-container\">\n\t\t\t\t\t\t\t<div class=\"elementor-menu-anchor\" id=\"sang\"><\/div>\n\t\t\t\t\t\t<\/div>\n\t\t\t\t<\/div>\n\t\t\t\t\t<\/div>\n\t\t\t\t<\/div>\n\t\t<div class=\"elementor-element elementor-element-d7a9b15 e-flex e-con-boxed e-con e-parent\" data-id=\"d7a9b15\" data-element_type=\"container\" data-e-type=\"container\">\n\t\t\t\t\t<div class=\"e-con-inner\">\n\t\t\t\t<div class=\"elementor-element elementor-element-fcd9907 elementor-widget elementor-widget-image\" data-id=\"fcd9907\" data-element_type=\"widget\" data-e-type=\"widget\" data-widget_type=\"image.default\">\n\t\t\t\t<div class=\"elementor-widget-container\">\n\t\t\t\t\t\t\t\t\t\t\t\t<figure class=\"wp-caption\">\n\t\t\t\t\t\t\t\t\t\t<img decoding=\"async\" src=\"https:\/\/acha-ardres.fr\/wp-content\/uploads\/elementor\/thumbs\/Medecine-10b-r0ay9eetc3qle2016pmsbwuzg12hkf3o6uv5brlh68.jpg\" title=\"M\u00e9decine-10b\" alt=\"M\u00e9decine-10b\" loading=\"lazy\" \/>\t\t\t\t\t\t\t\t\t\t\t<figcaption class=\"widget-image-caption wp-caption-text\">Au XVI\u00b0\u00a0si\u00e8cle, des m\u00e9decins comme Andreas Vesalius exp\u00e9rimentent et d\u00e9veloppent\u00a0de nouvelles id\u00e9es sur l'anatomie et la circulation sanguine.<\/figcaption>\n\t\t\t\t\t\t\t\t\t\t<\/figure>\n\t\t\t\t\t\t\t\t\t<\/div>\n\t\t\t\t<\/div>\n\t\t\t\t\t<\/div>\n\t\t\t\t<\/div>\n\t\t<div class=\"elementor-element elementor-element-8f1dc9f e-flex e-con-boxed e-con e-parent\" data-id=\"8f1dc9f\" data-element_type=\"container\" data-e-type=\"container\">\n\t\t\t\t\t<div class=\"e-con-inner\">\n\t\t\t\t<div class=\"elementor-element elementor-element-10649c2 elementor-widget elementor-widget-image\" data-id=\"10649c2\" data-element_type=\"widget\" data-e-type=\"widget\" data-widget_type=\"image.default\">\n\t\t\t\t<div class=\"elementor-widget-container\">\n\t\t\t\t\t\t\t\t\t\t\t\t<figure class=\"wp-caption\">\n\t\t\t\t\t\t\t\t\t\t<img decoding=\"async\" width=\"600\" height=\"909\" src=\"https:\/\/acha-ardres.fr\/wp-content\/uploads\/2025\/01\/Medecine-11b.jpg\" class=\"attachment-large size-large wp-image-9192\" alt=\"\" srcset=\"https:\/\/acha-ardres.fr\/wp-content\/uploads\/2025\/01\/Medecine-11b.jpg 600w, https:\/\/acha-ardres.fr\/wp-content\/uploads\/2025\/01\/Medecine-11b-198x300.jpg 198w, https:\/\/acha-ardres.fr\/wp-content\/uploads\/2025\/01\/Medecine-11b-99x150.jpg 99w\" sizes=\"(max-width: 600px) 100vw, 600px\" \/>\t\t\t\t\t\t\t\t\t\t\t<figcaption class=\"widget-image-caption wp-caption-text\">La M\u00e9diath\u00e8que de Troyes Champagne M\u00e9tropole  conserve justement un t\u00e9moignage avec la collection de Fran\u00e7ois Carteron, m\u00e9decin-chef des H\u00f4pitaux de Troyes au XIX\u00b0\u00a0si\u00e8cle et grand amateur de livres anciens de la circulation sanguine.  \u00ab\u00a0Francisci Sanchez medica opera\u00a0\u00bb, 1630. Photo M\u00e9diath\u00e8que de Troyes Champagne M\u00e9tropole.<\/figcaption>\n\t\t\t\t\t\t\t\t\t\t<\/figure>\n\t\t\t\t\t\t\t\t\t<\/div>\n\t\t\t\t<\/div>\n\t\t\t\t\t<\/div>\n\t\t\t\t<\/div>\n\t\t<div class=\"elementor-element elementor-element-b8fd481 e-flex e-con-boxed e-con e-parent\" data-id=\"b8fd481\" data-element_type=\"container\" data-e-type=\"container\">\n\t\t\t\t\t<div class=\"e-con-inner\">\n\t\t\t\t<div class=\"elementor-element elementor-element-8e6002c elementor-widget elementor-widget-menu-anchor\" data-id=\"8e6002c\" data-element_type=\"widget\" data-e-type=\"widget\" data-widget_type=\"menu-anchor.default\">\n\t\t\t\t<div class=\"elementor-widget-container\">\n\t\t\t\t\t\t\t<div class=\"elementor-menu-anchor\" id=\"crane\"><\/div>\n\t\t\t\t\t\t<\/div>\n\t\t\t\t<\/div>\n\t\t\t\t\t<\/div>\n\t\t\t\t<\/div>\n\t\t<div class=\"elementor-element elementor-element-6987d36 e-flex e-con-boxed e-con e-parent\" data-id=\"6987d36\" data-element_type=\"container\" data-e-type=\"container\">\n\t\t\t\t\t<div class=\"e-con-inner\">\n\t\t\t\t<div class=\"elementor-element elementor-element-ddd525c elementor-widget elementor-widget-image\" data-id=\"ddd525c\" data-element_type=\"widget\" data-e-type=\"widget\" data-widget_type=\"image.default\">\n\t\t\t\t<div class=\"elementor-widget-container\">\n\t\t\t\t\t\t\t\t\t\t\t\t<figure class=\"wp-caption\">\n\t\t\t\t\t\t\t\t\t\t<img decoding=\"async\" src=\"https:\/\/acha-ardres.fr\/wp-content\/uploads\/elementor\/thumbs\/Medecine-09b-r0ayxt9wu75oxgjfmriyl92yvaqohf0p7ou51hed7e.jpg\" title=\"M\u00e9decine-09b\" alt=\"M\u00e9decine-09b\" loading=\"lazy\" \/>\t\t\t\t\t\t\t\t\t\t\t<figcaption class=\"widget-image-caption wp-caption-text\">Anatomie du cr\u00e2ne. \u00ab\u00a0Francisci Sanchez medica opera\u00a0\u00bb, 1630. Photo M\u00e9diath\u00e8que de Troyes Champagne M\u00e9tropole<\/figcaption>\n\t\t\t\t\t\t\t\t\t\t<\/figure>\n\t\t\t\t\t\t\t\t\t<\/div>\n\t\t\t\t<\/div>\n\t\t\t\t\t<\/div>\n\t\t\t\t<\/div>\n\t\t\t\t<\/div>\n\t\t","protected":false},"excerpt":{"rendered":"<p>Cet incunable \u00e9crit en latin est l\u2019un des plus vieux livres imprim\u00e9s de m\u00e9decine conserv\u00e9s \u00e0 la M\u00e9diath\u00e8que de Troyes. Incunable 471, XV\u00b0 si\u00e8cle. Photo [&#8230;]<\/p>\n","protected":false},"author":3,"featured_media":0,"parent":0,"menu_order":0,"comment_status":"closed","ping_status":"closed","template":"","meta":{"footnotes":""},"class_list":["post-9163","page","type-page","status-publish","hentry"],"_links":{"self":[{"href":"https:\/\/acha-ardres.fr\/index.php?rest_route=\/wp\/v2\/pages\/9163","targetHints":{"allow":["GET"]}}],"collection":[{"href":"https:\/\/acha-ardres.fr\/index.php?rest_route=\/wp\/v2\/pages"}],"about":[{"href":"https:\/\/acha-ardres.fr\/index.php?rest_route=\/wp\/v2\/types\/page"}],"author":[{"embeddable":true,"href":"https:\/\/acha-ardres.fr\/index.php?rest_route=\/wp\/v2\/users\/3"}],"replies":[{"embeddable":true,"href":"https:\/\/acha-ardres.fr\/index.php?rest_route=%2Fwp%2Fv2%2Fcomments&post=9163"}],"version-history":[{"count":7,"href":"https:\/\/acha-ardres.fr\/index.php?rest_route=\/wp\/v2\/pages\/9163\/revisions"}],"predecessor-version":[{"id":13119,"href":"https:\/\/acha-ardres.fr\/index.php?rest_route=\/wp\/v2\/pages\/9163\/revisions\/13119"}],"wp:attachment":[{"href":"https:\/\/acha-ardres.fr\/index.php?rest_route=%2Fwp%2Fv2%2Fmedia&parent=9163"}],"curies":[{"name":"wp","href":"https:\/\/api.w.org\/{rel}","templated":true}]}}