{"id":8061,"date":"2025-01-06T19:45:35","date_gmt":"2025-01-06T18:45:35","guid":{"rendered":"https:\/\/acha-ardres.fr\/?page_id=8061"},"modified":"2025-02-07T12:23:22","modified_gmt":"2025-02-07T11:23:22","slug":"activites","status":"publish","type":"page","link":"https:\/\/acha-ardres.fr\/?page_id=8061","title":{"rendered":"Activit\u00e9s"},"content":{"rendered":"\t\t<div data-elementor-type=\"wp-page\" data-elementor-id=\"8061\" class=\"elementor elementor-8061\">\n\t\t\t\t<div class=\"elementor-element elementor-element-0d7fae3 e-flex e-con-boxed e-con e-parent\" data-id=\"0d7fae3\" data-element_type=\"container\" data-e-type=\"container\">\n\t\t\t\t\t<div class=\"e-con-inner\">\n\t\t\t\t<div class=\"elementor-element elementor-element-04382c8 elementor-widget elementor-widget-text-editor\" data-id=\"04382c8\" data-element_type=\"widget\" data-e-type=\"widget\" data-widget_type=\"text-editor.default\">\n\t\t\t\t<div class=\"elementor-widget-container\">\n\t\t\t\t\t\t\t\t\t<p>\u00ab L&rsquo;<strong><span style=\"color: #8c0031;\">ACHA<\/span><\/strong> a pour but de valoriser l\u2019image de la ville d\u2019Ardres, d\u2019animer son canton et de d\u00e9fendre le patrimoine r\u00e9gional. Ses activit\u00e9s sont nombreuses et vari\u00e9es : <span style=\"color: #8c0031;\">animation, conf\u00e9rence, exposition, recherche, conservation, publications<\/span>&#8230; \u00bb <em>\u00a0(extrait des statuts)<\/em><\/p><p>Ci-dessous vous trouverez les liens vers ces diff\u00e9rentes activit\u00e9s.<\/p>\t\t\t\t\t\t\t\t<\/div>\n\t\t\t\t<\/div>\n\t\t\t\t\t<\/div>\n\t\t\t\t<\/div>\n\t\t<div class=\"elementor-element elementor-element-07a6beb e-con-full e-flex e-con e-parent\" data-id=\"07a6beb\" data-element_type=\"container\" data-e-type=\"container\">\n\t\t<div class=\"elementor-element elementor-element-4e9a608 e-con-full e-flex e-con e-child\" data-id=\"4e9a608\" data-element_type=\"container\" data-e-type=\"container\">\n\t\t\t\t<div class=\"elementor-element elementor-element-b181897 elementor-widget__width-initial elementor-widget elementor-widget-image\" data-id=\"b181897\" data-element_type=\"widget\" data-e-type=\"widget\" data-widget_type=\"image.default\">\n\t\t\t\t<div class=\"elementor-widget-container\">\n\t\t\t\t\t\t\t\t\t\t\t\t\t\t\t<img fetchpriority=\"high\" decoding=\"async\" width=\"355\" height=\"855\" src=\"https:\/\/acha-ardres.fr\/wp-content\/uploads\/2025\/01\/chapelle-carmes-illustration.jpg\" class=\"attachment-large size-large wp-image-8069\" alt=\"\" srcset=\"https:\/\/acha-ardres.fr\/wp-content\/uploads\/2025\/01\/chapelle-carmes-illustration.jpg 355w, https:\/\/acha-ardres.fr\/wp-content\/uploads\/2025\/01\/chapelle-carmes-illustration-125x300.jpg 125w, https:\/\/acha-ardres.fr\/wp-content\/uploads\/2025\/01\/chapelle-carmes-illustration-62x150.jpg 62w\" sizes=\"(max-width: 355px) 100vw, 355px\" \/>\t\t\t\t\t\t\t\t\t\t\t\t\t\t\t<\/div>\n\t\t\t\t<\/div>\n\t\t\t\t<\/div>\n\t\t<div class=\"elementor-element elementor-element-0e6a465 e-con-full e-flex e-con e-child\" data-id=\"0e6a465\" data-element_type=\"container\" data-e-type=\"container\">\n\t\t\t\t<div class=\"elementor-element elementor-element-c8504f7 elementor-widget elementor-widget-text-editor\" data-id=\"c8504f7\" data-element_type=\"widget\" data-e-type=\"widget\" data-widget_type=\"text-editor.default\">\n\t\t\t\t<div class=\"elementor-widget-container\">\n\t\t\t\t\t\t\t\t\t<p style=\"padding-left: 40px;\">Animations<\/p><p style=\"padding-left: 40px;\"><a href=\"https:\/\/acha-ardres.fr\/?page_id=11300\">Conf\u00e9rences<\/a><\/p><p style=\"padding-left: 40px;\">Expositions<\/p><p style=\"padding-left: 40px;\">Conservation<\/p><p style=\"padding-left: 40px;\"><a href=\"https:\/\/acha-ardres.fr\/?page_id=25\">Publications<\/a><\/p>\t\t\t\t\t\t\t\t<\/div>\n\t\t\t\t<\/div>\n\t\t\t\t<\/div>\n\t\t\t\t<\/div>\n\t\t<div class=\"elementor-element elementor-element-b778029 e-flex e-con-boxed e-con e-parent\" data-id=\"b778029\" data-element_type=\"container\" data-e-type=\"container\">\n\t\t\t\t\t<div class=\"e-con-inner\">\n\t\t\t\t<div class=\"elementor-element elementor-element-e057909 elementor-widget-divider--view-line elementor-widget elementor-widget-divider\" data-id=\"e057909\" data-element_type=\"widget\" data-e-type=\"widget\" data-widget_type=\"divider.default\">\n\t\t\t\t<div class=\"elementor-widget-container\">\n\t\t\t\t\t\t\t<div class=\"elementor-divider\">\n\t\t\t<span class=\"elementor-divider-separator\">\n\t\t\t\t\t\t<\/span>\n\t\t<\/div>\n\t\t\t\t\t\t<\/div>\n\t\t\t\t<\/div>\n\t\t\t\t\t<\/div>\n\t\t\t\t<\/div>\n\t\t<div class=\"elementor-element elementor-element-c2b7187 e-flex e-con-boxed e-con e-parent\" data-id=\"c2b7187\" data-element_type=\"container\" data-e-type=\"container\">\n\t\t\t\t\t<div class=\"e-con-inner\">\n\t\t\t\t<div class=\"elementor-element elementor-element-5e05c84 elementor-widget elementor-widget-site-logo\" data-id=\"5e05c84\" data-element_type=\"widget\" data-e-type=\"widget\" data-settings=\"{&quot;align&quot;:&quot;center&quot;,&quot;width&quot;:{&quot;unit&quot;:&quot;%&quot;,&quot;size&quot;:&quot;&quot;,&quot;sizes&quot;:[]},&quot;width_tablet&quot;:{&quot;unit&quot;:&quot;%&quot;,&quot;size&quot;:&quot;&quot;,&quot;sizes&quot;:[]},&quot;width_mobile&quot;:{&quot;unit&quot;:&quot;%&quot;,&quot;size&quot;:&quot;&quot;,&quot;sizes&quot;:[]},&quot;space&quot;:{&quot;unit&quot;:&quot;%&quot;,&quot;size&quot;:&quot;&quot;,&quot;sizes&quot;:[]},&quot;space_tablet&quot;:{&quot;unit&quot;:&quot;%&quot;,&quot;size&quot;:&quot;&quot;,&quot;sizes&quot;:[]},&quot;space_mobile&quot;:{&quot;unit&quot;:&quot;%&quot;,&quot;size&quot;:&quot;&quot;,&quot;sizes&quot;:[]},&quot;image_border_radius&quot;:{&quot;unit&quot;:&quot;px&quot;,&quot;top&quot;:&quot;&quot;,&quot;right&quot;:&quot;&quot;,&quot;bottom&quot;:&quot;&quot;,&quot;left&quot;:&quot;&quot;,&quot;isLinked&quot;:true},&quot;image_border_radius_tablet&quot;:{&quot;unit&quot;:&quot;px&quot;,&quot;top&quot;:&quot;&quot;,&quot;right&quot;:&quot;&quot;,&quot;bottom&quot;:&quot;&quot;,&quot;left&quot;:&quot;&quot;,&quot;isLinked&quot;:true},&quot;image_border_radius_mobile&quot;:{&quot;unit&quot;:&quot;px&quot;,&quot;top&quot;:&quot;&quot;,&quot;right&quot;:&quot;&quot;,&quot;bottom&quot;:&quot;&quot;,&quot;left&quot;:&quot;&quot;,&quot;isLinked&quot;:true},&quot;caption_padding&quot;:{&quot;unit&quot;:&quot;px&quot;,&quot;top&quot;:&quot;&quot;,&quot;right&quot;:&quot;&quot;,&quot;bottom&quot;:&quot;&quot;,&quot;left&quot;:&quot;&quot;,&quot;isLinked&quot;:true},&quot;caption_padding_tablet&quot;:{&quot;unit&quot;:&quot;px&quot;,&quot;top&quot;:&quot;&quot;,&quot;right&quot;:&quot;&quot;,&quot;bottom&quot;:&quot;&quot;,&quot;left&quot;:&quot;&quot;,&quot;isLinked&quot;:true},&quot;caption_padding_mobile&quot;:{&quot;unit&quot;:&quot;px&quot;,&quot;top&quot;:&quot;&quot;,&quot;right&quot;:&quot;&quot;,&quot;bottom&quot;:&quot;&quot;,&quot;left&quot;:&quot;&quot;,&quot;isLinked&quot;:true},&quot;caption_space&quot;:{&quot;unit&quot;:&quot;px&quot;,&quot;size&quot;:0,&quot;sizes&quot;:[]},&quot;caption_space_tablet&quot;:{&quot;unit&quot;:&quot;px&quot;,&quot;size&quot;:&quot;&quot;,&quot;sizes&quot;:[]},&quot;caption_space_mobile&quot;:{&quot;unit&quot;:&quot;px&quot;,&quot;size&quot;:&quot;&quot;,&quot;sizes&quot;:[]}}\" data-widget_type=\"site-logo.default\">\n\t\t\t\t<div class=\"elementor-widget-container\">\n\t\t\t\t\t\t\t<div class=\"hfe-site-logo\">\n\t\t\t\t\t\t\t\t\t\t\t\t\t<a data-elementor-open-lightbox=\"\"  class='elementor-clickable' href=\"https:\/\/acha-ardres.fr\">\n\t\t\t\t\t\t\t<div class=\"hfe-site-logo-set\">           \n\t\t\t\t<div class=\"hfe-site-logo-container\">\n\t\t\t\t\t\t\t\t\t<img decoding=\"async\" class=\"hfe-site-logo-img elementor-animation-\"  src=\"https:\/\/acha-ardres.fr\/wp-content\/uploads\/2024\/02\/logo-officiel2010-bordeau_ok_half_rotation_small-300x201.jpg\" alt=\"logo officiel2010 bordeau_ok_half_rotation_small\"\/>\n\t\t\t\t<\/div>\n\t\t\t<\/div>\n\t\t\t\t\t\t\t<\/a>\n\t\t\t\t\t\t<\/div>  \n\t\t\t\t\t\t\t<\/div>\n\t\t\t\t<\/div>\n\t\t\t\t\t<\/div>\n\t\t\t\t<\/div>\n\t\t<div class=\"elementor-element elementor-element-953986e e-flex e-con-boxed e-con e-parent\" data-id=\"953986e\" data-element_type=\"container\" data-e-type=\"container\">\n\t\t\t\t\t<div class=\"e-con-inner\">\n\t\t\t\t<div class=\"elementor-element elementor-element-4b89de0 elementor-widget elementor-widget-copyright\" data-id=\"4b89de0\" data-element_type=\"widget\" data-e-type=\"widget\" data-widget_type=\"copyright.default\">\n\t\t\t\t<div class=\"elementor-widget-container\">\n\t\t\t\t\t\t\t<div class=\"hfe-copyright-wrapper\">\n\t\t\t\t\t\t\t<span>Copyright \u00a9 2026<\/span>\n\t\t\t\t\t<\/div>\n\t\t\t\t\t\t<\/div>\n\t\t\t\t<\/div>\n\t\t\t\t\t<\/div>\n\t\t\t\t<\/div>\n\t\t\t\t<\/div>\n\t\t","protected":false},"excerpt":{"rendered":"<p>\u00ab L&rsquo;ACHA a pour but de valoriser l\u2019image de la ville d\u2019Ardres, d\u2019animer son canton et de d\u00e9fendre le patrimoine r\u00e9gional. Ses activit\u00e9s sont nombreuses [&#8230;]<\/p>\n","protected":false},"author":3,"featured_media":0,"parent":0,"menu_order":0,"comment_status":"closed","ping_status":"closed","template":"","meta":{"footnotes":""},"class_list":["post-8061","page","type-page","status-publish","hentry"],"_links":{"self":[{"href":"https:\/\/acha-ardres.fr\/index.php?rest_route=\/wp\/v2\/pages\/8061","targetHints":{"allow":["GET"]}}],"collection":[{"href":"https:\/\/acha-ardres.fr\/index.php?rest_route=\/wp\/v2\/pages"}],"about":[{"href":"https:\/\/acha-ardres.fr\/index.php?rest_route=\/wp\/v2\/types\/page"}],"author":[{"embeddable":true,"href":"https:\/\/acha-ardres.fr\/index.php?rest_route=\/wp\/v2\/users\/3"}],"replies":[{"embeddable":true,"href":"https:\/\/acha-ardres.fr\/index.php?rest_route=%2Fwp%2Fv2%2Fcomments&post=8061"}],"version-history":[{"count":9,"href":"https:\/\/acha-ardres.fr\/index.php?rest_route=\/wp\/v2\/pages\/8061\/revisions"}],"predecessor-version":[{"id":11304,"href":"https:\/\/acha-ardres.fr\/index.php?rest_route=\/wp\/v2\/pages\/8061\/revisions\/11304"}],"wp:attachment":[{"href":"https:\/\/acha-ardres.fr\/index.php?rest_route=%2Fwp%2Fv2%2Fmedia&parent=8061"}],"curies":[{"name":"wp","href":"https:\/\/api.w.org\/{rel}","templated":true}]}}