{"id":7078,"date":"2024-09-10T14:30:30","date_gmt":"2024-09-10T12:30:30","guid":{"rendered":"https:\/\/acha-ardres.fr\/?page_id=7078"},"modified":"2025-07-06T10:39:30","modified_gmt":"2025-07-06T08:39:30","slug":"parcours-numerique","status":"publish","type":"page","link":"https:\/\/acha-ardres.fr\/?page_id=7078","title":{"rendered":"Parcours num\u00e9rique"},"content":{"rendered":"\t\t<div data-elementor-type=\"wp-page\" data-elementor-id=\"7078\" class=\"elementor elementor-7078\">\n\t\t\t\t<div class=\"elementor-element elementor-element-e94e1ff e-flex e-con-boxed e-con e-parent\" data-id=\"e94e1ff\" data-element_type=\"container\" data-e-type=\"container\">\n\t\t\t\t\t<div class=\"e-con-inner\">\n\t\t\t\t<div class=\"elementor-element elementor-element-c9bc823 elementor-widget elementor-widget-heading\" data-id=\"c9bc823\" data-element_type=\"widget\" data-e-type=\"widget\" data-widget_type=\"heading.default\">\n\t\t\t\t<div class=\"elementor-widget-container\">\n\t\t\t\t\t<h3 class=\"elementor-heading-title elementor-size-default\">Il \u00e9tait une fois l'entrevue du Camp du Drap d'Or<\/h3>\t\t\t\t<\/div>\n\t\t\t\t<\/div>\n\t\t\t\t\t<\/div>\n\t\t\t\t<\/div>\n\t\t<div class=\"elementor-element elementor-element-f5bdcda e-flex e-con-boxed e-con e-parent\" data-id=\"f5bdcda\" data-element_type=\"container\" data-e-type=\"container\">\n\t\t\t\t\t<div class=\"e-con-inner\">\n\t\t\t\t<div class=\"elementor-element elementor-element-691aa2a elementor-widget elementor-widget-text-editor\" data-id=\"691aa2a\" data-element_type=\"widget\" data-e-type=\"widget\" data-widget_type=\"text-editor.default\">\n\t\t\t\t<div class=\"elementor-widget-container\">\n\t\t\t\t\t\t\t\t\t<p><img fetchpriority=\"high\" decoding=\"async\" class=\"alignleft wp-image-13220\" src=\"https:\/\/acha-ardres.fr\/wp-content\/uploads\/2025\/04\/article-VDN-01-04-2025-1.jpg\" alt=\"\" width=\"341\" height=\"700\" srcset=\"https:\/\/acha-ardres.fr\/wp-content\/uploads\/2025\/04\/article-VDN-01-04-2025-1.jpg 400w, https:\/\/acha-ardres.fr\/wp-content\/uploads\/2025\/04\/article-VDN-01-04-2025-1-146x300.jpg 146w, https:\/\/acha-ardres.fr\/wp-content\/uploads\/2025\/04\/article-VDN-01-04-2025-1-73x150.jpg 73w\" sizes=\"(max-width: 341px) 100vw, 341px\" \/><\/p><p>A l&rsquo;occasion des Journ\u00e9es europ\u00e9ennes du Patrimoine 2024, l&rsquo;<span style=\"color: #8c0031;\"><strong>ACHA<\/strong> <\/span>a lanc\u00e9 son parcours num\u00e9rique sur lequel elle travaillait depuis plusieurs ann\u00e9es.<\/p><p>Il s&rsquo;agit de <strong>9 \u00e9tapes num\u00e9riques virtuelles<\/strong> r\u00e9parties dans <span style=\"color: #8c0031;\"><strong>Ardres<\/strong><\/span>, <span style=\"color: #8c0031;\"><strong>Gu\u00eenes<\/strong><\/span> et la <span style=\"color: #8c0031;\"><strong>campagne alentours<\/strong><\/span> qui donnent acc\u00e8s, sur votre t\u00e9l\u00e9phone mobile, \u00e0 de petites vid\u00e9os racontant les faits historiques qui se sont d\u00e9roul\u00e9s sur le lieu o\u00f9 l&rsquo;on se trouve.<br \/><span style=\"color: #000000;\"><strong>Les explications sont d\u00e9clench\u00e9es lorsque l&rsquo;on s&rsquo;approche du point de contact indiqu\u00e9 par la fl\u00e8che sur la carte \u00e0 l&rsquo;\u00e9cran de votre portable, \u00e0 environ une quinzaine de m\u00e8tres.<\/strong><\/span><\/p><p>Il existe <strong>3 circuits<\/strong> : \u00e0 pieds, \u00e0 v\u00e9lo ou en voiture. Pour commencer le p\u00e9riple, il faut se rendre au<span style=\"color: #8c0031;\"><strong> service tourisme Pays d&rsquo;Opale d&rsquo;Ardres ou de Gu\u00eenes<\/strong><\/span> (points de d\u00e9part du circuit qui se fait dans les deux sens) et scanner le QR code du d\u00e9pliant ci-dessous. Vous pouvez aussi t\u00e9l\u00e9charger le flyer en bas de page.<\/p><p>Nous vous proposons un montage qui compile des extraits des diff\u00e9rentes \u00e9tapes dans la vid\u00e9o ci-dessous (dur\u00e9e : 3 min 30).<\/p><p>Nous vous souhaitons de bonnes visites et de belles d\u00e9couvertes&#8230;<\/p>\t\t\t\t\t\t\t\t<\/div>\n\t\t\t\t<\/div>\n\t\t\t\t\t<\/div>\n\t\t\t\t<\/div>\n\t\t<div class=\"elementor-element elementor-element-83fb937 e-flex e-con-boxed e-con e-parent\" data-id=\"83fb937\" data-element_type=\"container\" data-e-type=\"container\">\n\t\t\t\t\t<div class=\"e-con-inner\">\n\t\t\t\t<div class=\"elementor-element elementor-element-c4fe0ba e-transform elementor-widget elementor-widget-text-editor\" data-id=\"c4fe0ba\" data-element_type=\"widget\" data-e-type=\"widget\" data-settings=\"{&quot;_transform_translateX_effect&quot;:{&quot;unit&quot;:&quot;px&quot;,&quot;size&quot;:0,&quot;sizes&quot;:[]},&quot;_transform_translateY_effect&quot;:{&quot;unit&quot;:&quot;px&quot;,&quot;size&quot;:-64,&quot;sizes&quot;:[]},&quot;_transform_translateX_effect_tablet&quot;:{&quot;unit&quot;:&quot;px&quot;,&quot;size&quot;:&quot;&quot;,&quot;sizes&quot;:[]},&quot;_transform_translateX_effect_mobile&quot;:{&quot;unit&quot;:&quot;px&quot;,&quot;size&quot;:&quot;&quot;,&quot;sizes&quot;:[]},&quot;_transform_translateY_effect_tablet&quot;:{&quot;unit&quot;:&quot;px&quot;,&quot;size&quot;:&quot;&quot;,&quot;sizes&quot;:[]},&quot;_transform_translateY_effect_mobile&quot;:{&quot;unit&quot;:&quot;px&quot;,&quot;size&quot;:&quot;&quot;,&quot;sizes&quot;:[]}}\" data-widget_type=\"text-editor.default\">\n\t\t\t\t<div class=\"elementor-widget-container\">\n\t\t\t\t\t\t\t\t\t<p><span style=\"color: #8c0031;\"><strong>&lt;<\/strong>\u00a0 Voix du Nord du 01 04 2025, \u00e9dition Calais.<\/span><\/p>\t\t\t\t\t\t\t\t<\/div>\n\t\t\t\t<\/div>\n\t\t\t\t\t<\/div>\n\t\t\t\t<\/div>\n\t\t<div class=\"elementor-element elementor-element-baf9593 e-flex e-con-boxed e-con e-parent\" data-id=\"baf9593\" data-element_type=\"container\" data-e-type=\"container\">\n\t\t\t\t\t<div class=\"e-con-inner\">\n\t\t\t\t<div class=\"elementor-element elementor-element-b984a87 elementor-widget elementor-widget-heading\" data-id=\"b984a87\" data-element_type=\"widget\" data-e-type=\"widget\" data-widget_type=\"heading.default\">\n\t\t\t\t<div class=\"elementor-widget-container\">\n\t\t\t\t\t<h3 class=\"elementor-heading-title elementor-size-default\">Compilation d'extraits vid\u00e9o des 9 \u00e9tapes<\/h3>\t\t\t\t<\/div>\n\t\t\t\t<\/div>\n\t\t\t\t\t<\/div>\n\t\t\t\t<\/div>\n\t\t<div class=\"elementor-element elementor-element-273df72 e-flex e-con-boxed e-con e-parent\" data-id=\"273df72\" data-element_type=\"container\" data-e-type=\"container\">\n\t\t\t\t\t<div class=\"e-con-inner\">\n\t\t\t\t<div class=\"elementor-element elementor-element-b27706b elementor-widget elementor-widget-menu-anchor\" data-id=\"b27706b\" data-element_type=\"widget\" data-e-type=\"widget\" data-widget_type=\"menu-anchor.default\">\n\t\t\t\t<div class=\"elementor-widget-container\">\n\t\t\t\t\t\t\t<div class=\"elementor-menu-anchor\" id=\"video_bornes\"><\/div>\n\t\t\t\t\t\t<\/div>\n\t\t\t\t<\/div>\n\t\t\t\t\t<\/div>\n\t\t\t\t<\/div>\n\t\t<div class=\"elementor-element elementor-element-8b956cf e-flex e-con-boxed e-con e-parent\" data-id=\"8b956cf\" data-element_type=\"container\" data-e-type=\"container\">\n\t\t\t\t\t<div class=\"e-con-inner\">\n\t\t\t\t<div class=\"elementor-element elementor-element-30e4a81 elementor-widget elementor-widget-video\" data-id=\"30e4a81\" data-element_type=\"widget\" data-e-type=\"widget\" data-settings=\"{&quot;video_type&quot;:&quot;hosted&quot;,&quot;controls&quot;:&quot;yes&quot;}\" data-widget_type=\"video.default\">\n\t\t\t\t<div class=\"elementor-widget-container\">\n\t\t\t\t\t\t\t<div class=\"e-hosted-video elementor-wrapper elementor-open-inline\">\n\t\t\t\t\t<video class=\"elementor-video\" src=\"https:\/\/acha-ardres.fr\/wp-content\/uploads\/2025\/04\/Parcours-Numerique-Compilation.mp4\" controls=\"\" preload=\"metadata\" controlsList=\"nodownload\" poster=\"https:\/\/acha-ardres.fr\/wp-content\/uploads\/2025\/04\/camp-drap-dor.jpg\"><\/video>\n\t\t\t\t<\/div>\n\t\t\t\t\t\t<\/div>\n\t\t\t\t<\/div>\n\t\t\t\t\t<\/div>\n\t\t\t\t<\/div>\n\t\t<div class=\"elementor-element elementor-element-5c5051a e-flex e-con-boxed e-con e-parent\" data-id=\"5c5051a\" data-element_type=\"container\" data-e-type=\"container\">\n\t\t\t\t\t<div class=\"e-con-inner\">\n\t\t\t\t<div class=\"elementor-element elementor-element-72b6517 elementor-widget elementor-widget-heading\" data-id=\"72b6517\" data-element_type=\"widget\" data-e-type=\"widget\" data-widget_type=\"heading.default\">\n\t\t\t\t<div class=\"elementor-widget-container\">\n\t\t\t\t\t<h3 class=\"elementor-heading-title elementor-size-default\">Le d\u00e9pliant du parcours num\u00e9rique (version juin 2025)<\/h3>\t\t\t\t<\/div>\n\t\t\t\t<\/div>\n\t\t\t\t\t<\/div>\n\t\t\t\t<\/div>\n\t\t<div class=\"elementor-element elementor-element-adb6d46 e-flex e-con-boxed e-con e-parent\" data-id=\"adb6d46\" data-element_type=\"container\" data-e-type=\"container\">\n\t\t\t\t\t<div class=\"e-con-inner\">\n\t\t\t\t<div class=\"elementor-element elementor-element-66bde54 elementor-widget elementor-widget-image\" data-id=\"66bde54\" data-element_type=\"widget\" data-e-type=\"widget\" data-widget_type=\"image.default\">\n\t\t\t\t<div class=\"elementor-widget-container\">\n\t\t\t\t\t\t\t\t\t\t\t\t<figure class=\"wp-caption\">\n\t\t\t\t\t\t\t\t\t\t<img decoding=\"async\" width=\"900\" height=\"642\" src=\"https:\/\/acha-ardres.fr\/wp-content\/uploads\/2025\/07\/ACHA-CDDO-Depliant-3-volets-Recto-1024x730.jpg\" class=\"attachment-large size-large wp-image-14191\" alt=\"\" srcset=\"https:\/\/acha-ardres.fr\/wp-content\/uploads\/2025\/07\/ACHA-CDDO-Depliant-3-volets-Recto-1024x730.jpg 1024w, https:\/\/acha-ardres.fr\/wp-content\/uploads\/2025\/07\/ACHA-CDDO-Depliant-3-volets-Recto-300x214.jpg 300w, https:\/\/acha-ardres.fr\/wp-content\/uploads\/2025\/07\/ACHA-CDDO-Depliant-3-volets-Recto-150x107.jpg 150w, https:\/\/acha-ardres.fr\/wp-content\/uploads\/2025\/07\/ACHA-CDDO-Depliant-3-volets-Recto-768x547.jpg 768w, https:\/\/acha-ardres.fr\/wp-content\/uploads\/2025\/07\/ACHA-CDDO-Depliant-3-volets-Recto.jpg 1280w\" sizes=\"(max-width: 900px) 100vw, 900px\" \/>\t\t\t\t\t\t\t\t\t\t\t<figcaption class=\"widget-image-caption wp-caption-text\">Faces ext\u00e9rieures du d\u00e9pliant<\/figcaption>\n\t\t\t\t\t\t\t\t\t\t<\/figure>\n\t\t\t\t\t\t\t\t\t<\/div>\n\t\t\t\t<\/div>\n\t\t\t\t\t<\/div>\n\t\t\t\t<\/div>\n\t\t<div class=\"elementor-element elementor-element-92b8c0c e-flex e-con-boxed e-con e-parent\" data-id=\"92b8c0c\" data-element_type=\"container\" data-e-type=\"container\">\n\t\t\t\t\t<div class=\"e-con-inner\">\n\t\t\t\t<div class=\"elementor-element elementor-element-f5b0cb5 elementor-widget elementor-widget-image\" data-id=\"f5b0cb5\" data-element_type=\"widget\" data-e-type=\"widget\" data-widget_type=\"image.default\">\n\t\t\t\t<div class=\"elementor-widget-container\">\n\t\t\t\t\t\t\t\t\t\t\t\t<figure class=\"wp-caption\">\n\t\t\t\t\t\t\t\t\t\t<img decoding=\"async\" width=\"900\" height=\"621\" src=\"https:\/\/acha-ardres.fr\/wp-content\/uploads\/2025\/07\/ACHA-CDDO-Depliant-3-interieur-1024x707.jpg\" class=\"attachment-large size-large wp-image-14201\" alt=\"\" srcset=\"https:\/\/acha-ardres.fr\/wp-content\/uploads\/2025\/07\/ACHA-CDDO-Depliant-3-interieur-1024x707.jpg 1024w, https:\/\/acha-ardres.fr\/wp-content\/uploads\/2025\/07\/ACHA-CDDO-Depliant-3-interieur-300x207.jpg 300w, https:\/\/acha-ardres.fr\/wp-content\/uploads\/2025\/07\/ACHA-CDDO-Depliant-3-interieur-150x104.jpg 150w, https:\/\/acha-ardres.fr\/wp-content\/uploads\/2025\/07\/ACHA-CDDO-Depliant-3-interieur-768x530.jpg 768w, https:\/\/acha-ardres.fr\/wp-content\/uploads\/2025\/07\/ACHA-CDDO-Depliant-3-interieur.jpg 1228w\" sizes=\"(max-width: 900px) 100vw, 900px\" \/>\t\t\t\t\t\t\t\t\t\t\t<figcaption class=\"widget-image-caption wp-caption-text\">Face interne du d\u00e9pliant<\/figcaption>\n\t\t\t\t\t\t\t\t\t\t<\/figure>\n\t\t\t\t\t\t\t\t\t<\/div>\n\t\t\t\t<\/div>\n\t\t\t\t\t<\/div>\n\t\t\t\t<\/div>\n\t\t<div class=\"elementor-element elementor-element-99eeef2 e-flex e-con-boxed e-con e-parent\" data-id=\"99eeef2\" data-element_type=\"container\" data-e-type=\"container\">\n\t\t\t\t\t<div class=\"e-con-inner\">\n\t\t\t\t<div class=\"elementor-element elementor-element-a2ebc85 elementor-widget elementor-widget-image\" data-id=\"a2ebc85\" data-element_type=\"widget\" data-e-type=\"widget\" data-widget_type=\"image.default\">\n\t\t\t\t<div class=\"elementor-widget-container\">\n\t\t\t\t\t\t\t\t\t\t\t\t<figure class=\"wp-caption\">\n\t\t\t\t\t\t\t\t\t\t<img decoding=\"async\" src=\"https:\/\/acha-ardres.fr\/wp-content\/uploads\/elementor\/thumbs\/Ardres-Guines-zoom-r8covtnszvso29eyxdl954ne3cxxys62vwrxi6b6wm.jpg\" title=\"Ardres &#038; Guines zoom\" alt=\"Ardres &amp; Guines zoom\" loading=\"lazy\" \/>\t\t\t\t\t\t\t\t\t\t\t<figcaption class=\"widget-image-caption wp-caption-text\">Zoom sur les parcours \u00e0 Gu\u00eenes et Ardres<\/figcaption>\n\t\t\t\t\t\t\t\t\t\t<\/figure>\n\t\t\t\t\t\t\t\t\t<\/div>\n\t\t\t\t<\/div>\n\t\t\t\t\t<\/div>\n\t\t\t\t<\/div>\n\t\t<div class=\"elementor-element elementor-element-58d07a9 e-flex e-con-boxed e-con e-parent\" data-id=\"58d07a9\" data-element_type=\"container\" data-e-type=\"container\">\n\t\t\t\t\t<div class=\"e-con-inner\">\n\t\t\t\t<div class=\"elementor-element elementor-element-45bbd66 elementor-widget elementor-widget-text-editor\" data-id=\"45bbd66\" data-element_type=\"widget\" data-e-type=\"widget\" data-widget_type=\"text-editor.default\">\n\t\t\t\t<div class=\"elementor-widget-container\">\n\t\t\t\t\t\t\t\t\t<p style=\"text-align: center;\"><strong>Vous pouvez t\u00e9l\u00e9charger et imprimer le parcours num\u00e9rique en cliquant sur le bouton ci-dessous.<\/strong><\/p>\t\t\t\t\t\t\t\t<\/div>\n\t\t\t\t<\/div>\n\t\t\t\t\t<\/div>\n\t\t\t\t<\/div>\n\t\t<div class=\"elementor-element elementor-element-8ffb33e e-flex e-con-boxed e-con e-parent\" data-id=\"8ffb33e\" data-element_type=\"container\" data-e-type=\"container\">\n\t\t\t\t\t<div class=\"e-con-inner\">\n\t\t\t\t<div class=\"elementor-element elementor-element-e70af17 elementor-align-center elementor-widget elementor-widget-button\" data-id=\"e70af17\" data-element_type=\"widget\" data-e-type=\"widget\" data-widget_type=\"button.default\">\n\t\t\t\t<div class=\"elementor-widget-container\">\n\t\t\t\t\t\t\t\t\t<div class=\"elementor-button-wrapper\">\n\t\t\t\t\t<a class=\"elementor-button elementor-button-link elementor-size-sm\" href=\"https:\/\/acha-ardres.fr\/wp-content\/uploads\/2025\/04\/flyer_telechargement.pdf\" target=\"_blank\">\n\t\t\t\t\t\t<span class=\"elementor-button-content-wrapper\">\n\t\t\t\t\t\t\t\t\t<span class=\"elementor-button-text\">T\u00e9l\u00e9charger le parcours<\/span>\n\t\t\t\t\t<\/span>\n\t\t\t\t\t<\/a>\n\t\t\t\t<\/div>\n\t\t\t\t\t\t\t\t<\/div>\n\t\t\t\t<\/div>\n\t\t\t\t\t<\/div>\n\t\t\t\t<\/div>\n\t\t<div class=\"elementor-element elementor-element-f1aff8b e-flex e-con-boxed e-con e-parent\" data-id=\"f1aff8b\" data-element_type=\"container\" data-e-type=\"container\">\n\t\t\t\t\t<div class=\"e-con-inner\">\n\t\t\t\t<div class=\"elementor-element elementor-element-f9aa1a9 elementor-widget elementor-widget-text-editor\" data-id=\"f9aa1a9\" data-element_type=\"widget\" data-e-type=\"widget\" data-widget_type=\"text-editor.default\">\n\t\t\t\t<div class=\"elementor-widget-container\">\n\t\t\t\t\t\t\t\t\t<p style=\"text-align: center;\"><strong>Il faut que vous t\u00e9l\u00e9chargiez l&rsquo;application G\u00e9oGaming<\/strong> pour l&rsquo;installer sur votre portable, soit depuis le QR code ci-dessous, soit depuis le d\u00e9pliant, <strong>avant de vous rendre \u00e0 l&rsquo;un des\u00a0 deux points de d\u00e9part :<br \/><span style=\"color: #8c0031;\">service tourisme Pays d&rsquo;Opale d&rsquo;Ardres, <\/span><\/strong><span style=\"color: #8c0031;\">Chapelle des Carmes, Pl. d&rsquo;Armes, 62610 Ardres<\/span><strong><span style=\"color: #8c0031;\"><br \/>\u00a0service tourisme Pays d&rsquo;Opale de Gu\u00eenes, <\/span><\/strong><span style=\"color: #8c0031;\">9 Av. de la Lib\u00e9ration, 62340 Gu\u00eenes<\/span><strong><br \/><\/strong><\/p>\t\t\t\t\t\t\t\t<\/div>\n\t\t\t\t<\/div>\n\t\t\t\t\t<\/div>\n\t\t\t\t<\/div>\n\t\t<div class=\"elementor-element elementor-element-f7a32ef e-flex e-con-boxed e-con e-parent\" data-id=\"f7a32ef\" data-element_type=\"container\" data-e-type=\"container\">\n\t\t\t\t\t<div class=\"e-con-inner\">\n\t\t\t\t<div class=\"elementor-element elementor-element-ca5cc44 elementor-widget elementor-widget-image\" data-id=\"ca5cc44\" data-element_type=\"widget\" data-e-type=\"widget\" data-widget_type=\"image.default\">\n\t\t\t\t<div class=\"elementor-widget-container\">\n\t\t\t\t\t\t\t\t\t\t\t\t\t\t\t<img loading=\"lazy\" decoding=\"async\" width=\"120\" height=\"120\" src=\"https:\/\/acha-ardres.fr\/wp-content\/uploads\/2025\/04\/Geogaming-QRcode.jpg\" class=\"attachment-large size-large wp-image-13471\" alt=\"\" \/>\t\t\t\t\t\t\t\t\t\t\t\t\t\t\t<\/div>\n\t\t\t\t<\/div>\n\t\t\t\t\t<\/div>\n\t\t\t\t<\/div>\n\t\t<div class=\"elementor-element elementor-element-59583f7 e-flex e-con-boxed e-con e-parent\" data-id=\"59583f7\" data-element_type=\"container\" data-e-type=\"container\">\n\t\t\t\t\t<div class=\"e-con-inner\">\n\t\t\t\t<div class=\"elementor-element elementor-element-ba1196c elementor-widget elementor-widget-text-editor\" data-id=\"ba1196c\" data-element_type=\"widget\" data-e-type=\"widget\" data-widget_type=\"text-editor.default\">\n\t\t\t\t<div class=\"elementor-widget-container\">\n\t\t\t\t\t\t\t\t\t<p style=\"text-align: center;\">Dans G\u00e9oGaming rechercher le parcours : <span style=\"color: #8c0031;\"><strong>1520 l&rsquo;entrevue du Camp Du drap d&rsquo;Or<\/strong><\/span>.<br \/>Cliquer pour lancer le parcours,\u00a0 la carte des diff\u00e9rentes \u00e9tapes s&rsquo;affiche.<br \/>Il ne vous reste plus qu&rsquo;\u00e0 vous approcher du lieu d&rsquo;une de ces \u00e9tapes pour lancer la vid\u00e9o&#8230;<\/p>\t\t\t\t\t\t\t\t<\/div>\n\t\t\t\t<\/div>\n\t\t\t\t\t<\/div>\n\t\t\t\t<\/div>\n\t\t<div class=\"elementor-element elementor-element-af45c3e e-flex e-con-boxed e-con e-parent\" data-id=\"af45c3e\" data-element_type=\"container\" data-e-type=\"container\">\n\t\t\t\t\t<div class=\"e-con-inner\">\n\t\t\t\t<div class=\"elementor-element elementor-element-25f9753 elementor-widget-divider--view-line elementor-widget elementor-widget-divider\" data-id=\"25f9753\" data-element_type=\"widget\" data-e-type=\"widget\" data-widget_type=\"divider.default\">\n\t\t\t\t<div class=\"elementor-widget-container\">\n\t\t\t\t\t\t\t<div class=\"elementor-divider\">\n\t\t\t<span class=\"elementor-divider-separator\">\n\t\t\t\t\t\t<\/span>\n\t\t<\/div>\n\t\t\t\t\t\t<\/div>\n\t\t\t\t<\/div>\n\t\t\t\t\t<\/div>\n\t\t\t\t<\/div>\n\t\t<div class=\"elementor-element elementor-element-1084d8f e-flex e-con-boxed e-con e-parent\" data-id=\"1084d8f\" data-element_type=\"container\" data-e-type=\"container\">\n\t\t\t\t\t<div class=\"e-con-inner\">\n\t\t\t\t<div class=\"elementor-element elementor-element-2908a81 elementor-widget elementor-widget-site-logo\" data-id=\"2908a81\" data-element_type=\"widget\" data-e-type=\"widget\" data-settings=\"{&quot;align&quot;:&quot;center&quot;,&quot;width&quot;:{&quot;unit&quot;:&quot;%&quot;,&quot;size&quot;:&quot;&quot;,&quot;sizes&quot;:[]},&quot;width_tablet&quot;:{&quot;unit&quot;:&quot;%&quot;,&quot;size&quot;:&quot;&quot;,&quot;sizes&quot;:[]},&quot;width_mobile&quot;:{&quot;unit&quot;:&quot;%&quot;,&quot;size&quot;:&quot;&quot;,&quot;sizes&quot;:[]},&quot;space&quot;:{&quot;unit&quot;:&quot;%&quot;,&quot;size&quot;:&quot;&quot;,&quot;sizes&quot;:[]},&quot;space_tablet&quot;:{&quot;unit&quot;:&quot;%&quot;,&quot;size&quot;:&quot;&quot;,&quot;sizes&quot;:[]},&quot;space_mobile&quot;:{&quot;unit&quot;:&quot;%&quot;,&quot;size&quot;:&quot;&quot;,&quot;sizes&quot;:[]},&quot;image_border_radius&quot;:{&quot;unit&quot;:&quot;px&quot;,&quot;top&quot;:&quot;&quot;,&quot;right&quot;:&quot;&quot;,&quot;bottom&quot;:&quot;&quot;,&quot;left&quot;:&quot;&quot;,&quot;isLinked&quot;:true},&quot;image_border_radius_tablet&quot;:{&quot;unit&quot;:&quot;px&quot;,&quot;top&quot;:&quot;&quot;,&quot;right&quot;:&quot;&quot;,&quot;bottom&quot;:&quot;&quot;,&quot;left&quot;:&quot;&quot;,&quot;isLinked&quot;:true},&quot;image_border_radius_mobile&quot;:{&quot;unit&quot;:&quot;px&quot;,&quot;top&quot;:&quot;&quot;,&quot;right&quot;:&quot;&quot;,&quot;bottom&quot;:&quot;&quot;,&quot;left&quot;:&quot;&quot;,&quot;isLinked&quot;:true},&quot;caption_padding&quot;:{&quot;unit&quot;:&quot;px&quot;,&quot;top&quot;:&quot;&quot;,&quot;right&quot;:&quot;&quot;,&quot;bottom&quot;:&quot;&quot;,&quot;left&quot;:&quot;&quot;,&quot;isLinked&quot;:true},&quot;caption_padding_tablet&quot;:{&quot;unit&quot;:&quot;px&quot;,&quot;top&quot;:&quot;&quot;,&quot;right&quot;:&quot;&quot;,&quot;bottom&quot;:&quot;&quot;,&quot;left&quot;:&quot;&quot;,&quot;isLinked&quot;:true},&quot;caption_padding_mobile&quot;:{&quot;unit&quot;:&quot;px&quot;,&quot;top&quot;:&quot;&quot;,&quot;right&quot;:&quot;&quot;,&quot;bottom&quot;:&quot;&quot;,&quot;left&quot;:&quot;&quot;,&quot;isLinked&quot;:true},&quot;caption_space&quot;:{&quot;unit&quot;:&quot;px&quot;,&quot;size&quot;:0,&quot;sizes&quot;:[]},&quot;caption_space_tablet&quot;:{&quot;unit&quot;:&quot;px&quot;,&quot;size&quot;:&quot;&quot;,&quot;sizes&quot;:[]},&quot;caption_space_mobile&quot;:{&quot;unit&quot;:&quot;px&quot;,&quot;size&quot;:&quot;&quot;,&quot;sizes&quot;:[]}}\" data-widget_type=\"site-logo.default\">\n\t\t\t\t<div class=\"elementor-widget-container\">\n\t\t\t\t\t\t\t<div class=\"hfe-site-logo\">\n\t\t\t\t\t\t\t\t\t\t\t\t\t<a data-elementor-open-lightbox=\"\"  class='elementor-clickable' href=\"https:\/\/acha-ardres.fr\">\n\t\t\t\t\t\t\t<div class=\"hfe-site-logo-set\">           \n\t\t\t\t<div class=\"hfe-site-logo-container\">\n\t\t\t\t\t\t\t\t\t<img decoding=\"async\" class=\"hfe-site-logo-img elementor-animation-\"  src=\"https:\/\/acha-ardres.fr\/wp-content\/uploads\/2024\/02\/logo-officiel2010-bordeau_ok_half_rotation_small-300x201.jpg\" alt=\"logo officiel2010 bordeau_ok_half_rotation_small\"\/>\n\t\t\t\t<\/div>\n\t\t\t<\/div>\n\t\t\t\t\t\t\t<\/a>\n\t\t\t\t\t\t<\/div>  \n\t\t\t\t\t\t\t<\/div>\n\t\t\t\t<\/div>\n\t\t\t\t\t<\/div>\n\t\t\t\t<\/div>\n\t\t<div class=\"elementor-element elementor-element-e152283 e-flex e-con-boxed e-con e-parent\" data-id=\"e152283\" data-element_type=\"container\" data-e-type=\"container\">\n\t\t\t\t\t<div class=\"e-con-inner\">\n\t\t\t\t<div class=\"elementor-element elementor-element-3d700e6 elementor-widget-divider--view-line elementor-widget elementor-widget-divider\" data-id=\"3d700e6\" data-element_type=\"widget\" data-e-type=\"widget\" data-widget_type=\"divider.default\">\n\t\t\t\t<div class=\"elementor-widget-container\">\n\t\t\t\t\t\t\t<div class=\"elementor-divider\">\n\t\t\t<span class=\"elementor-divider-separator\">\n\t\t\t\t\t\t<\/span>\n\t\t<\/div>\n\t\t\t\t\t\t<\/div>\n\t\t\t\t<\/div>\n\t\t\t\t\t<\/div>\n\t\t\t\t<\/div>\n\t\t<div class=\"elementor-element elementor-element-9cbb134 e-flex e-con-boxed e-con e-parent\" data-id=\"9cbb134\" data-element_type=\"container\" data-e-type=\"container\">\n\t\t\t\t\t<div class=\"e-con-inner\">\n\t\t\t\t<div class=\"elementor-element elementor-element-460429e elementor-widget elementor-widget-copyright\" data-id=\"460429e\" data-element_type=\"widget\" data-e-type=\"widget\" data-widget_type=\"copyright.default\">\n\t\t\t\t<div class=\"elementor-widget-container\">\n\t\t\t\t\t\t\t<div class=\"hfe-copyright-wrapper\">\n\t\t\t\t\t\t\t<span>Copyright \u00a9 2026<\/span>\n\t\t\t\t\t<\/div>\n\t\t\t\t\t\t<\/div>\n\t\t\t\t<\/div>\n\t\t\t\t\t<\/div>\n\t\t\t\t<\/div>\n\t\t\t\t<\/div>\n\t\t","protected":false},"excerpt":{"rendered":"<p>Il \u00e9tait une fois l&rsquo;entrevue du Camp du Drap d&rsquo;Or A l&rsquo;occasion des Journ\u00e9es europ\u00e9ennes du Patrimoine 2024, l&rsquo;ACHA a lanc\u00e9 son parcours num\u00e9rique sur [&#8230;]<\/p>\n","protected":false},"author":3,"featured_media":0,"parent":0,"menu_order":0,"comment_status":"closed","ping_status":"closed","template":"","meta":{"footnotes":""},"class_list":["post-7078","page","type-page","status-publish","hentry"],"_links":{"self":[{"href":"https:\/\/acha-ardres.fr\/index.php?rest_route=\/wp\/v2\/pages\/7078","targetHints":{"allow":["GET"]}}],"collection":[{"href":"https:\/\/acha-ardres.fr\/index.php?rest_route=\/wp\/v2\/pages"}],"about":[{"href":"https:\/\/acha-ardres.fr\/index.php?rest_route=\/wp\/v2\/types\/page"}],"author":[{"embeddable":true,"href":"https:\/\/acha-ardres.fr\/index.php?rest_route=\/wp\/v2\/users\/3"}],"replies":[{"embeddable":true,"href":"https:\/\/acha-ardres.fr\/index.php?rest_route=%2Fwp%2Fv2%2Fcomments&post=7078"}],"version-history":[{"count":50,"href":"https:\/\/acha-ardres.fr\/index.php?rest_route=\/wp\/v2\/pages\/7078\/revisions"}],"predecessor-version":[{"id":14210,"href":"https:\/\/acha-ardres.fr\/index.php?rest_route=\/wp\/v2\/pages\/7078\/revisions\/14210"}],"wp:attachment":[{"href":"https:\/\/acha-ardres.fr\/index.php?rest_route=%2Fwp%2Fv2%2Fmedia&parent=7078"}],"curies":[{"name":"wp","href":"https:\/\/api.w.org\/{rel}","templated":true}]}}